{"id":36,"date":"2019-08-27T16:40:26","date_gmt":"2019-08-27T19:40:26","guid":{"rendered":"http:\/\/participacion.quillota.cl\/?page_id=36"},"modified":"2023-02-08T13:26:15","modified_gmt":"2023-02-08T16:26:15","slug":"formularios","status":"publish","type":"page","link":"https:\/\/www.quillota.cl\/participacion\/formularios\/","title":{"rendered":"Formularios"},"content":{"rendered":"<p><a href=\"https:\/\/www.quillota.cl\/participacion\/wp-content\/uploads\/2019\/09\/Formulario-Acta-1-1.pdf\" target=\"_blank\" rel=\"noopener noreferrer\"><img loading=\"lazy\" decoding=\"async\" class=\"alignnone size-full wp-image-31\" src=\"https:\/\/www.quillota.cl\/participacion\/wp-content\/uploads\/2019\/08\/pdf-1.png\" alt=\"\" width=\"48\" height=\"48\" \/> Acta de Dep\u00f3sito y Conformidad Legal de Antecedentes de Elecci\u00f3n en Organizaci\u00f3n Comunitaria (PDF)<\/a><\/p>\n<p><a href=\"https:\/\/www.quillota.cl\/participacion\/wp-content\/uploads\/2023\/02\/formulario-1-de-comunicacion-de-fecha-de-eleccion-de-directorio.pdf\" target=\"_blank\" rel=\"noopener noreferrer\"><img loading=\"lazy\" decoding=\"async\" class=\"alignnone size-full wp-image-31\" src=\"https:\/\/www.quillota.cl\/participacion\/wp-content\/uploads\/2019\/08\/pdf-1.png\" alt=\"\" width=\"48\" height=\"48\" \/> Formulario de Comunicaci\u00f3n de Fecha de Elecci\u00f3n de Directorio (PDF)<\/a><\/p>\n<p><a href=\"https:\/\/www.quillota.cl\/participacion\/wp-content\/uploads\/2023\/02\/formulario-2-de-deposito-de-documentos-de-eleccion.pdf\" target=\"_blank\" rel=\"noopener noreferrer\"><img loading=\"lazy\" decoding=\"async\" class=\"alignnone size-full wp-image-31\" src=\"https:\/\/www.quillota.cl\/participacion\/wp-content\/uploads\/2019\/08\/pdf-1.png\" alt=\"\" width=\"48\" height=\"48\" \/> Comprobante de Dep\u00f3sito de los Documentos de la Elecci\u00f3n de Directorio (PDF)<\/a><\/p>\n","protected":false},"excerpt":{"rendered":"<p>Acta de Dep\u00f3sito y Conformidad Legal de Antecedentes de Elecci\u00f3n en Organizaci\u00f3n Comunitaria (PDF) Formulario de Comunicaci\u00f3n de Fecha de[&#8230;]<\/p>\n","protected":false},"author":1,"featured_media":0,"parent":0,"menu_order":0,"comment_status":"closed","ping_status":"closed","template":"participacion.php","meta":{"footnotes":""},"class_list":["post-36","page","type-page","status-publish","hentry"],"_links":{"self":[{"href":"https:\/\/www.quillota.cl\/participacion\/wp-json\/wp\/v2\/pages\/36","targetHints":{"allow":["GET"]}}],"collection":[{"href":"https:\/\/www.quillota.cl\/participacion\/wp-json\/wp\/v2\/pages"}],"about":[{"href":"https:\/\/www.quillota.cl\/participacion\/wp-json\/wp\/v2\/types\/page"}],"author":[{"embeddable":true,"href":"https:\/\/www.quillota.cl\/participacion\/wp-json\/wp\/v2\/users\/1"}],"replies":[{"embeddable":true,"href":"https:\/\/www.quillota.cl\/participacion\/wp-json\/wp\/v2\/comments?post=36"}],"version-history":[{"count":5,"href":"https:\/\/www.quillota.cl\/participacion\/wp-json\/wp\/v2\/pages\/36\/revisions"}],"predecessor-version":[{"id":740,"href":"https:\/\/www.quillota.cl\/participacion\/wp-json\/wp\/v2\/pages\/36\/revisions\/740"}],"wp:attachment":[{"href":"https:\/\/www.quillota.cl\/participacion\/wp-json\/wp\/v2\/media?parent=36"}],"curies":[{"name":"wp","href":"https:\/\/api.w.org\/{rel}","templated":true}]}}