{"id":51,"date":"2019-08-28T01:12:33","date_gmt":"2019-08-28T04:12:33","guid":{"rendered":"http:\/\/participacion.quillota.cl\/?page_id=51"},"modified":"2025-11-05T16:59:11","modified_gmt":"2025-11-05T19:59:11","slug":"listado-de-organizaciones","status":"publish","type":"page","link":"https:\/\/www.quillota.cl\/participacion\/listado-de-organizaciones\/","title":{"rendered":"Listado de Organizaciones"},"content":{"rendered":"<p>&nbsp;<\/p>\n<ul>\n<li><a href=\"https:\/\/www.quillota.cl\/participacion\/listado-de-organizaciones-de-interes-publico\/\">Organizaciones de Inter\u00e9s P\u00fablico<\/a><\/li>\n<li><a href=\"https:\/\/www.quillota.cl\/participacion\/listado-de-organizaciones-funcionales-vigentes\/\">Registro de Organizaciones Funcionales con Personalidad Jur\u00eddica y Directiva Vigente<\/a><\/li>\n<li><a href=\"https:\/\/www.quillota.cl\/participacion\/litado-de-organizaciones-territoriales\/\">Organizaciones Territoriales con Personalidad Jur\u00eddica y Directiva Vigente<\/a><\/li>\n<\/ul>\n","protected":false},"excerpt":{"rendered":"<p>&nbsp; Organizaciones de Inter\u00e9s P\u00fablico Registro de Organizaciones Funcionales con Personalidad Jur\u00eddica y Directiva Vigente Organizaciones Territoriales con Personalidad Jur\u00eddica[&#8230;]<\/p>\n","protected":false},"author":1,"featured_media":0,"parent":0,"menu_order":0,"comment_status":"closed","ping_status":"closed","template":"participacion.php","meta":{"footnotes":""},"class_list":["post-51","page","type-page","status-publish","hentry"],"_links":{"self":[{"href":"https:\/\/www.quillota.cl\/participacion\/wp-json\/wp\/v2\/pages\/51","targetHints":{"allow":["GET"]}}],"collection":[{"href":"https:\/\/www.quillota.cl\/participacion\/wp-json\/wp\/v2\/pages"}],"about":[{"href":"https:\/\/www.quillota.cl\/participacion\/wp-json\/wp\/v2\/types\/page"}],"author":[{"embeddable":true,"href":"https:\/\/www.quillota.cl\/participacion\/wp-json\/wp\/v2\/users\/1"}],"replies":[{"embeddable":true,"href":"https:\/\/www.quillota.cl\/participacion\/wp-json\/wp\/v2\/comments?post=51"}],"version-history":[{"count":6,"href":"https:\/\/www.quillota.cl\/participacion\/wp-json\/wp\/v2\/pages\/51\/revisions"}],"predecessor-version":[{"id":999,"href":"https:\/\/www.quillota.cl\/participacion\/wp-json\/wp\/v2\/pages\/51\/revisions\/999"}],"wp:attachment":[{"href":"https:\/\/www.quillota.cl\/participacion\/wp-json\/wp\/v2\/media?parent=51"}],"curies":[{"name":"wp","href":"https:\/\/api.w.org\/{rel}","templated":true}]}}