{"id":605,"date":"2022-06-07T11:54:29","date_gmt":"2022-06-07T14:54:29","guid":{"rendered":"https:\/\/www.quillota.cl\/participacion\/?page_id=605"},"modified":"2026-04-06T16:29:08","modified_gmt":"2026-04-06T19:29:08","slug":"reclamaciones","status":"publish","type":"page","link":"https:\/\/www.quillota.cl\/participacion\/reclamaciones\/","title":{"rendered":"RECLAMACIONES ANTE EL TRIBUBAL ELECTORAL REGIONAL DE VALPARAISO (TER)"},"content":{"rendered":"<h2>Junta de Vecinos Sector Hospital<\/h2>\n<p>&nbsp;<\/p>\n<table style=\"border-collapse: collapse; width: 1286px; height: 619px;\" border=\"0\" width=\"1120\" cellspacing=\"0\" cellpadding=\"0\">\n<colgroup>\n<col style=\"width: 60pt;\" span=\"14\" width=\"80\" \/> <\/colgroup>\n<tbody>\n<tr style=\"height: 75.0pt;\">\n<td class=\"xl64\" style=\"height: 75pt; width: 60pt; text-align: center;\" width=\"80\" height=\"100\">Nombre Organizaci\u00f3n<\/td>\n<td class=\"xl64\" style=\"width: 60pt; text-align: center;\" width=\"80\">N\u00b0 P.J.<\/td>\n<td class=\"xl64\" style=\"width: 60pt; text-align: center;\" width=\"80\">N\u00b0 Inscripci\u00f3n Registro Nacional<\/td>\n<td class=\"xl64\" style=\"width: 60pt; text-align: center;\" width=\"80\">Aviso Comisi\u00f3n Electoral<\/td>\n<td class=\"xl64\" style=\"width: 60pt; text-align: center;\" width=\"80\">Fecha de Publicaci\u00f3n Convocatoria a Elecci\u00f3n<\/td>\n<td class=\"xl64\" style=\"width: 60pt; text-align: center;\" width=\"80\">Lugar de Elecci\u00f3n<\/td>\n<td class=\"xl64\" style=\"width: 60pt; text-align: center;\" width=\"80\">Fecha y Hora de Elecci\u00f3n<\/td>\n<td class=\"xl64\" style=\"width: 60pt; text-align: center;\" width=\"80\">Dep\u00f3sito de Documentos en Secmu \u00a0Comisi\u00f3n Electoral<\/td>\n<td class=\"xl64\" style=\"width: 60pt; text-align: center;\" width=\"80\">Certificado<br \/>\nProvisorio de Vigencia<\/td>\n<td class=\"xl64\" style=\"width: 60pt; text-align: center;\" width=\"80\"><span style=\"color: #ff9900;\">Rol\u00a0 Reclamaci\u00f3n TER<\/span><\/td>\n<td class=\"xl64\" style=\"width: 60pt; text-align: center;\" width=\"80\"><span style=\"color: #ff9900;\">Oficio<\/span><\/td>\n<td class=\"xl64\" style=\"width: 60pt; text-align: center;\" width=\"80\"><span style=\"color: #ff9900;\">Expediente<br \/>\n(Reclamaci\u00f3n)<\/span><\/td>\n<td class=\"xl64\" style=\"width: 60pt; text-align: center;\" width=\"80\"><span style=\"color: #ff9900;\">Sentencia de Reclamaci\u00f3n TER<\/span><\/td>\n<td class=\"xl64\" style=\"width: 60pt; text-align: center;\" width=\"80\">Fecha env\u00edo Registro Civil<\/td>\n<\/tr>\n<\/tbody>\n<thead><\/thead>\n<tbody>\n<tr style=\"height: 60.0pt;\">\n<td class=\"xl64\" style=\"height: 60pt; width: 60pt; text-align: center;\" width=\"80\" height=\"80\">Junta de Vecinos Sector Hospital<\/td>\n<td class=\"xl64\" style=\"width: 60pt; text-align: center;\" align=\"right\" width=\"80\">47<\/td>\n<td class=\"xl65\" style=\"width: 60pt; text-align: center;\" align=\"right\" width=\"80\">75553<\/td>\n<td class=\"xl66\" style=\"width: 60pt; text-align: center;\" align=\"right\" width=\"80\">25-07-2025<\/td>\n<td class=\"xl64\" style=\"width: 60pt; text-align: center;\" width=\"80\">25-07-2025<\/p>\n<p>&nbsp;<\/td>\n<td class=\"xl64\" style=\"width: 60pt; text-align: center;\" width=\"80\">Sede social Junta de Vecinos Sector Hospital (Psje. Cornelio Dur\u00e1n S\/N)<\/td>\n<td class=\"xl66\" style=\"width: 60pt; text-align: center;\" align=\"right\" width=\"80\">17-08-2025<\/p>\n<p>10:00 a 17:00 hrs.<\/td>\n<td class=\"xl64\" style=\"width: 60pt;\" width=\"80\"><\/td>\n<td class=\"xl64\" style=\"width: 60pt;\" width=\"80\"><\/td>\n<td class=\"xl64\" style=\"width: 60pt;\" width=\"80\"><\/td>\n<td class=\"xl64\" style=\"width: 60pt;\" width=\"80\"><\/td>\n<td class=\"xl64\" style=\"width: 60pt; text-align: center;\" width=\"80\"><\/td>\n<td class=\"xl64\" style=\"width: 60pt; text-align: center;\" width=\"80\"><\/td>\n<td class=\"xl64\" style=\"width: 60pt; text-align: center;\" width=\"80\"><\/td>\n<\/tr>\n<tr style=\"height: 60.0pt;\">\n<td class=\"xl64\" style=\"height: 60pt; width: 60pt; text-align: center;\" width=\"80\" height=\"80\"><\/td>\n<td class=\"xl64\" style=\"width: 60pt; text-align: center;\" width=\"80\"><\/td>\n<td class=\"xl64\" style=\"width: 60pt; text-align: center;\" width=\"80\"><\/td>\n<td class=\"xl67\" style=\"width: 60pt; text-align: center;\" width=\"80\"><\/td>\n<td class=\"xl64\" style=\"width: 60pt; text-align: center;\" width=\"80\"><a href=\"https:\/\/secmuquillota.cl\/vistas\/Comunitarios\/archivos\/PJ%2047%20JUNTA%20DE%20VECINOS%20SECTOR%20HOSPITAL.pdf\" target=\"_blank\" rel=\"noopener\">Formulario Comunicaci\u00f3n Fecha Elecci\u00f3n<\/a><\/td>\n<td class=\"xl64\" style=\"width: 60pt; text-align: center;\" width=\"80\"><\/td>\n<td class=\"xl64\" style=\"width: 60pt; text-align: center;\" width=\"80\"><\/td>\n<td class=\"xl67\" style=\"width: 60pt; text-align: center;\" width=\"80\"><a href=\"https:\/\/www.quillota.cl\/participacion\/wp-content\/uploads\/2025\/09\/ACTA-DE-DEPOSITO-JJVV-Hospital.pdf\" target=\"_blank\" rel=\"noopener\">Formulario Dep\u00f3sito Documentos<\/a><\/td>\n<td class=\"xl67\" style=\"width: 60pt; text-align: center;\" width=\"80\"><a href=\"https:\/\/www.quillota.cl\/participacion\/wp-content\/uploads\/2025\/09\/f-PJ-47-CERT.-PROVISORIO.pdf\" target=\"_blank\" rel=\"noopener\">Certificado<\/a><\/td>\n<td class=\"xl67\" style=\"width: 60pt; text-align: center;\" width=\"80\">129\/2025<\/td>\n<td class=\"xl64\" style=\"width: 60pt; text-align: center;\" width=\"80\">&nbsp;<\/p>\n<p><a href=\"https:\/\/www.quillota.cl\/participacion\/wp-content\/uploads\/2025\/09\/Oficio-N\u00b0313-2025.-Secretaria-Municipal-Ilustre-Municipalidad-de-Quillota-2.pdf\" target=\"_blank\" rel=\"noopener\">Oficio N\u00b0313-2025<\/a><\/p>\n<p>&nbsp;<\/td>\n<td class=\"xl64\" style=\"width: 60pt; text-align: center;\" width=\"80\"><a href=\"https:\/\/www.quillota.cl\/participacion\/wp-content\/uploads\/2025\/09\/Reclamacion-Causa-Rol-N\u00b0129-2025.-Junta-de-Vecinos-Sector-Hospital-de-la-comuna-de-Quillota.pdf\" target=\"_blank\" rel=\"noopener\">Reclamaci\u00f3n<\/a><\/td>\n<td class=\"xl64\" style=\"width: 60pt; text-align: center;\" width=\"80\">&nbsp;<\/p>\n<p><a href=\"https:\/\/www.quillota.cl\/participacion\/wp-content\/uploads\/2026\/04\/Oficio_N_92-2026_Secretaria_Municipal_Ilustre_Municipalidad_de_Quillota.pdf\" target=\"_blank\" rel=\"noopener\">Oficio N\u00b092\/2026 de Tribunal Electoral Regional a Alcalde<\/a><\/p>\n<p><a href=\"https:\/\/www.quillota.cl\/participacion\/wp-content\/uploads\/2026\/04\/Sentencia_Rol_129_2025_Reclamacion_Junta_de_Vecinos_Sector_Hospital_Quilllota.pdf\" target=\"_blank\" rel=\"noopener\"><strong>Sentencia de Reclamaci\u00f3n Tribunal Electoral Regional<\/strong><\/a><\/p>\n<p>&nbsp;<\/td>\n<td class=\"xl64\" style=\"width: 60pt; text-align: center;\" width=\"80\"><\/td>\n<\/tr>\n<\/tbody>\n<\/table>\n<p>&nbsp;<\/p>\n","protected":false},"excerpt":{"rendered":"<p>Junta de Vecinos Sector Hospital &nbsp; Nombre Organizaci\u00f3n N\u00b0 P.J. N\u00b0 Inscripci\u00f3n Registro Nacional Aviso Comisi\u00f3n Electoral Fecha de Publicaci\u00f3n[&#8230;]<\/p>\n","protected":false},"author":1,"featured_media":0,"parent":0,"menu_order":0,"comment_status":"closed","ping_status":"closed","template":"participacion.php","meta":{"footnotes":""},"class_list":["post-605","page","type-page","status-publish","hentry"],"_links":{"self":[{"href":"https:\/\/www.quillota.cl\/participacion\/wp-json\/wp\/v2\/pages\/605","targetHints":{"allow":["GET"]}}],"collection":[{"href":"https:\/\/www.quillota.cl\/participacion\/wp-json\/wp\/v2\/pages"}],"about":[{"href":"https:\/\/www.quillota.cl\/participacion\/wp-json\/wp\/v2\/types\/page"}],"author":[{"embeddable":true,"href":"https:\/\/www.quillota.cl\/participacion\/wp-json\/wp\/v2\/users\/1"}],"replies":[{"embeddable":true,"href":"https:\/\/www.quillota.cl\/participacion\/wp-json\/wp\/v2\/comments?post=605"}],"version-history":[{"count":86,"href":"https:\/\/www.quillota.cl\/participacion\/wp-json\/wp\/v2\/pages\/605\/revisions"}],"predecessor-version":[{"id":1013,"href":"https:\/\/www.quillota.cl\/participacion\/wp-json\/wp\/v2\/pages\/605\/revisions\/1013"}],"wp:attachment":[{"href":"https:\/\/www.quillota.cl\/participacion\/wp-json\/wp\/v2\/media?parent=605"}],"curies":[{"name":"wp","href":"https:\/\/api.w.org\/{rel}","templated":true}]}}